{"id":119,"date":"2019-03-09T16:08:08","date_gmt":"2019-03-09T15:08:08","guid":{"rendered":"http:\/\/bib.tluszcz.pl\/?page_id=119"},"modified":"2024-01-08T13:24:18","modified_gmt":"2024-01-08T12:24:18","slug":"filia-w-kozlach","status":"publish","type":"page","link":"http:\/\/bib.tluszcz.pl\/?page_id=119","title":{"rendered":"Filia w Koz\u0142ach\ufeff"},"content":{"rendered":"\n<p> Koz\u0142y 40<br> 05-240 T\u0142uszcz <\/p>\n\n\n\n<div class=\"wp-block-button\"><a class=\"wp-block-button__link has-vivid-cyan-blue-color has-very-light-gray-background-color has-text-color has-background wp-element-button\" href=\"http:\/\/bp.tluszcz.e-bp.eu\/ini.php?katalog=10\">Katalog online &#8211; Filia w Koz\u0142ach<br><\/a><\/div>\n\n\n\n<figure class=\"wp-block-table\"><table><tbody><tr><td><strong>Poniedzia\u0142ek<\/strong><\/td><td>8<sup>30<\/sup>-16<sup>30<\/sup><\/td><\/tr><tr><td><strong>Wtorek<\/strong><\/td><td>8<sup>30<\/sup>-16<sup>30<\/sup><\/td><\/tr><tr><td><strong>\u015aroda<\/strong><\/td><td>nieczynna<\/td><\/tr><tr><td><strong>Czwartek<\/strong><\/td><td>nieczynna<\/td><\/tr><tr><td><strong>Pi\u0105tek<\/strong><\/td><td>nieczynna<\/td><\/tr><tr><td><strong>Sobota<\/strong><\/td><td>nieczynna<\/td><\/tr><\/tbody><\/table><\/figure>\n\n\n\n<hr class=\"wp-block-separator has-css-opacity\"\/>\n","protected":false},"excerpt":{"rendered":"<p>Koz\u0142y 40 05-240 T\u0142uszcz Poniedzia\u0142ek 830-1630 Wtorek 830-1630 \u015aroda nieczynna Czwartek nieczynna Pi\u0105tek nieczynna Sobota nieczynna<\/p>\n","protected":false},"author":1,"featured_media":0,"parent":0,"menu_order":0,"comment_status":"closed","ping_status":"closed","template":"","meta":[],"_links":{"self":[{"href":"http:\/\/bib.tluszcz.pl\/index.php?rest_route=\/wp\/v2\/pages\/119"}],"collection":[{"href":"http:\/\/bib.tluszcz.pl\/index.php?rest_route=\/wp\/v2\/pages"}],"about":[{"href":"http:\/\/bib.tluszcz.pl\/index.php?rest_route=\/wp\/v2\/types\/page"}],"author":[{"embeddable":true,"href":"http:\/\/bib.tluszcz.pl\/index.php?rest_route=\/wp\/v2\/users\/1"}],"replies":[{"embeddable":true,"href":"http:\/\/bib.tluszcz.pl\/index.php?rest_route=%2Fwp%2Fv2%2Fcomments&post=119"}],"version-history":[{"count":2,"href":"http:\/\/bib.tluszcz.pl\/index.php?rest_route=\/wp\/v2\/pages\/119\/revisions"}],"predecessor-version":[{"id":611,"href":"http:\/\/bib.tluszcz.pl\/index.php?rest_route=\/wp\/v2\/pages\/119\/revisions\/611"}],"wp:attachment":[{"href":"http:\/\/bib.tluszcz.pl\/index.php?rest_route=%2Fwp%2Fv2%2Fmedia&parent=119"}],"curies":[{"name":"wp","href":"https:\/\/api.w.org\/{rel}","templated":true}]}}