{"id":239,"date":"2019-03-14T12:07:20","date_gmt":"2019-03-14T11:07:20","guid":{"rendered":"http:\/\/bib.tluszcz.pl\/?page_id=239"},"modified":"2026-01-27T13:17:13","modified_gmt":"2026-01-27T12:17:13","slug":"statystyka","status":"publish","type":"page","link":"http:\/\/bib.tluszcz.pl\/?page_id=239","title":{"rendered":"Statystyka"},"content":{"rendered":"\n<h4 class=\"wp-block-heading\"> Stan na koniec grudnia 2025 r. <\/h4>\n\n\n\n<ul>\n<li> Ksi\u0119gozbi\u00f3r t\u0142uszcza\u0144skiej biblioteki liczy 29 392 wolumin\u00f3w,               252 audiobooki i 53 gry planszowe<\/li>\n<\/ul>\n\n\n\n<ul>\n<li>Korzysta z niej 1 242 czytelnik\u00f3w rocznie, kt\u00f3rzy wypo\u017cyczyli 25 259 ksi\u0105\u017cek.<\/li>\n<\/ul>\n\n\n\n<ul>\n<li>W ca\u0142ej gminie znajduje si\u0119 77 959 wolumin\u00f3w. <\/li>\n<\/ul>\n\n\n\n<ul>\n<li>Korzysta z nich 2 633 czytelnik\u00f3w rocznie, kt\u00f3rzy wypo\u017cyczyli 46 225 pozycji. <\/li>\n<\/ul>\n\n\n\n<p><\/p>\n\n\n\n<ul>\n<li>Z dost\u0119pu do Legimi skorzysta\u0142o 63 czytelnik\u00f3w, kt\u00f3rzy wypo\u017cyczyli        4 248 e-book\u00f3w i 1 395 audiobook\u00f3w.                                                                                                                                                                                <\/li>\n<\/ul>\n\n\n\n<ul>\n<li>Z dost\u0119pu do Empik Go skorzysta\u0142o 12 czytelnik\u00f3w, kt\u00f3rzy wypo\u017cyczyli 120 e-book\u00f3w i 18 audiobook\u00f3w<\/li>\n<\/ul>\n\n\n\n<p><\/p>\n\n\n\n<p><\/p>\n\n\n\n<p><\/p>\n\n\n\n<hr class=\"wp-block-separator has-css-opacity\"\/>\n\n\n\n<p><\/p>\n","protected":false},"excerpt":{"rendered":"<p>Stan na koniec grudnia 2025 r.<\/p>\n","protected":false},"author":1,"featured_media":0,"parent":0,"menu_order":0,"comment_status":"closed","ping_status":"closed","template":"","meta":[],"_links":{"self":[{"href":"http:\/\/bib.tluszcz.pl\/index.php?rest_route=\/wp\/v2\/pages\/239"}],"collection":[{"href":"http:\/\/bib.tluszcz.pl\/index.php?rest_route=\/wp\/v2\/pages"}],"about":[{"href":"http:\/\/bib.tluszcz.pl\/index.php?rest_route=\/wp\/v2\/types\/page"}],"author":[{"embeddable":true,"href":"http:\/\/bib.tluszcz.pl\/index.php?rest_route=\/wp\/v2\/users\/1"}],"replies":[{"embeddable":true,"href":"http:\/\/bib.tluszcz.pl\/index.php?rest_route=%2Fwp%2Fv2%2Fcomments&post=239"}],"version-history":[{"count":14,"href":"http:\/\/bib.tluszcz.pl\/index.php?rest_route=\/wp\/v2\/pages\/239\/revisions"}],"predecessor-version":[{"id":714,"href":"http:\/\/bib.tluszcz.pl\/index.php?rest_route=\/wp\/v2\/pages\/239\/revisions\/714"}],"wp:attachment":[{"href":"http:\/\/bib.tluszcz.pl\/index.php?rest_route=%2Fwp%2Fv2%2Fmedia&parent=239"}],"curies":[{"name":"wp","href":"https:\/\/api.w.org\/{rel}","templated":true}]}}