{"id":3,"date":"2019-03-07T14:20:51","date_gmt":"2019-03-07T13:20:51","guid":{"rendered":"http:\/\/bib.tluszcz.pl\/?page_id=3"},"modified":"2019-03-09T15:44:42","modified_gmt":"2019-03-09T14:44:42","slug":"polityka-prywatnosci","status":"publish","type":"page","link":"http:\/\/bib.tluszcz.pl\/?page_id=3","title":{"rendered":"Polityka prywatno\u015bci"},"content":{"rendered":"\n<h2 class=\"wp-block-heading\">Kim jeste\u015bmy<\/h2>\n\n\n\n<p>Adres naszej strony internetowej to: http:\/\/bib.tluszcz.pl.<\/p>\n\n\n\n<h2 class=\"wp-block-heading\">Jakie dane osobiste zbieramy i dlaczego je zbieramy<\/h2>\n\n\n\n<h3 class=\"wp-block-heading\">Komentarze<\/h3>\n\n\n\n<p>Kiedy odwiedzaj\u0105cy witryn\u0119 zostawia komentarz, zbieramy dane widoczne w formularzu komentowania, jak i adres IP odwiedzaj\u0105cego oraz podpis jego przegl\u0105darki jako pomoc przy wykrywaniu spamu.<\/p>\n\n\n\n<p>Zanonimizowany ci\u0105g znak\u00f3w stworzony na podstawie twojego adresu email (tak zwany hash) mo\u017ce zosta\u0107 przes\u0142any do us\u0142ugi Gravatar w celu sprawdzenia czy jej u\u017cywasz. Polityka prywatno\u015bci us\u0142ugi Gravatar jest dost\u0119pna tutaj: https:\/\/automattic.com\/privacy\/. Po zatwierdzeniu komentarza tw\u00f3j obrazek profilowy jest widoczny publicznie w kontek\u015bcie twojego komentarza.<\/p>\n\n\n\n<h3 class=\"wp-block-heading\">Media<\/h3>\n\n\n\n<p>Je\u015bli jeste\u015b zarejestrowanym u\u017cytkownikiem i wgrywasz na witryn\u0119 obrazki, powiniene\u015b unika\u0107 przesy\u0142ania obrazk\u00f3w z tagami EXIF lokalizacji. Odwiedzaj\u0105cy stron\u0119 mog\u0105 pobra\u0107 i odczyta\u0107 pe\u0142ne dane lokalizacyjne z obrazk\u00f3w w witrynie.<\/p>\n\n\n\n<h3 class=\"wp-block-heading\">Formularze kontaktowe<\/h3>\n\n\n\n<h3 class=\"wp-block-heading\">Ciasteczka<\/h3>\n\n\n\n<p>U\u017cywamy informacji zapisanych za pomoc\u0105 cookies w celach \nstatystycznych. Korzystaj\u0105c z naszego serwisu, wyra\u017casz zgod\u0119 na ich \nu\u017cywanie zgodnie z aktualnymi ustawieniami przegl\u0105darki. Je\u015bli nie \nchcesz, by pliki cookies by\u0142y zapisywane na Twoim dysku, zmie\u0144 \nustawienia w swojej przegl\u0105darce.<\/p>\n\n\n\n<p>Wi\u0119cej informacji o plikach \u201ecookies\u201d znajduje si\u0119 na stronie: <a href=\"http:\/\/wszystkoociasteczkach.pl\/\" target=\"_blank\" rel=\"noreferrer noopener\">http:\/\/wszystkoociasteczkach.pl\/<\/a><\/p>\n\n\n\n<h3 class=\"wp-block-heading\">Osadzone tre\u015bci z innych witryn<\/h3>\n\n\n\n<p>Artyku\u0142y na tej witrynie mog\u0105 zawiera\u0107 osadzone tre\u015bci (np. filmy, obrazki, artyku\u0142y itp.). Osadzone tre\u015bci z innych witryn zachowuj\u0105 si\u0119 analogicznie do tego, jakby u\u017cytkownik odwiedzi\u0142 bezpo\u015brednio konkretn\u0105 witryn\u0119.<\/p>\n\n\n\n<p>Witryny mog\u0105 zbiera\u0107 informacje o tobie, u\u017cywa\u0107 ciasteczek, do\u0142\u0105cza\u0107 dodatkowe, zewn\u0119trzne systemy \u015bledzenia i monitorowa\u0107 twoje interakcje z osadzonym materia\u0142em, w\u0142\u0105czaj\u0105c w to \u015bledzenie twoich interakcji z osadzonym materia\u0142em je\u015bli posiadasz konto i jeste\u015b zalogowany w tamtej witrynie.<\/p>\n\n\n\n<h3 class=\"wp-block-heading\">Analiza statystyk<\/h3>\n\n\n\n<h2 class=\"wp-block-heading\">Z kim dzielimy si\u0119 danymi<\/h2>\n\n\n\n<h2 class=\"wp-block-heading\">Jak d\u0142ugo przechowujemy twoje dane<\/h2>\n\n\n\n<p>Je\u015bli zostawisz komentarz, jego tre\u015b\u0107 i metadane b\u0119d\u0105 przechowywane przez czas nieokre\u015blony. Dzi\u0119ki temu jeste\u015bmy w stanie rozpoznawa\u0107 i zatwierdza\u0107 kolejne komentarze automatycznie, bez wysy\u0142ania ich do ka\u017cdorazowej moderacji.<\/p>\n\n\n\n<p>Dla u\u017cytkownik\u00f3w kt\u00f3rzy zarejestrowali si\u0119 na naszej stronie internetowej (je\u015bli tacy s\u0105), przechowujemy r\u00f3wnie\u017c informacje osobiste wprowadzone w profilu. Ka\u017cdy u\u017cytkownik mo\u017ce dokona\u0107 wgl\u0105du, korekty albo skasowa\u0107 swoje informacje osobiste w dowolnej chwili (nie licz\u0105c nazwy u\u017cytkownika, kt\u00f3rej nie mo\u017cna zmieni\u0107). Administratorzy strony r\u00f3wnie\u017c mog\u0105 przegl\u0105da\u0107 i modyfikowa\u0107 te informacje.<\/p>\n\n\n\n<h2 class=\"wp-block-heading\">Jakie masz prawa do swoich danych<\/h2>\n\n\n\n<p>Je\u015bli masz konto u\u017cytkownika albo doda\u0142e\u015b komentarze w tej witrynie, mo\u017cesz za\u017c\u0105da\u0107 dostarczenia pliku z wyeksportowanym kompletem twoich danych osobistych b\u0119d\u0105cych w naszym posiadaniu, w tym ca\u0142o\u015b\u0107 tych dostarczonych przez ciebie. Mo\u017cesz r\u00f3wnie\u017c za\u017c\u0105da\u0107 usuni\u0119cia przez nas ca\u0142o\u015bci twoich danych osobistych w naszym posiadaniu. Nie dotyczy to \u017cadnych danych kt\u00f3re jeste\u015bmy zobligowani zachowa\u0107 ze wzgl\u0119d\u00f3w administracyjnych, prawnych albo bezpiecze\u0144stwa.<\/p>\n\n\n\n<h2 class=\"wp-block-heading\">Gdzie przesy\u0142amy dane<\/h2>\n\n\n\n<p>Komentarze go\u015bci mog\u0105 by\u0107 sprawdzane za pomoc\u0105 automatycznej us\u0142ugi wykrywania spamu.<\/p>\n\n\n\n<h2 class=\"wp-block-heading\">Twoje dane kontaktowe<\/h2>\n\n\n\n<h2 class=\"wp-block-heading\">Informacje dodatkowe<\/h2>\n\n\n\n<h3 class=\"wp-block-heading\">Jak chronimy twoje dane?<\/h3>\n\n\n\n<h3 class=\"wp-block-heading\">Jakie mamy obowi\u0105zuj\u0105ce procedury w przypadku naruszenia prywatno\u015bci danych<\/h3>\n\n\n\n<h3 class=\"wp-block-heading\">Od jakich stron trzecich otrzymujemy dane<\/h3>\n\n\n\n<h3 class=\"wp-block-heading\">Jakie automatyczne podejmowanie decyzji i\/lub tworzenie profili przeprowadzamy z u\u017cyciem danych u\u017cytkownika<\/h3>\n\n\n\n<h3 class=\"wp-block-heading\">Bran\u017cowe wymogi regulacyjne dotycz\u0105ce ujawniania informacji<\/h3>\n","protected":false},"excerpt":{"rendered":"<p>Kim jeste\u015bmy Adres naszej strony internetowej to: http:\/\/bib.tluszcz.pl. Jakie dane osobiste zbieramy i dlaczego je zbieramy Komentarze Kiedy odwiedzaj\u0105cy witryn\u0119 zostawia komentarz, zbieramy dane widoczne w formularzu komentowania, jak i adres IP odwiedzaj\u0105cego oraz podpis jego przegl\u0105darki jako pomoc przy wykrywaniu spamu. Zanonimizowany ci\u0105g znak\u00f3w stworzony na podstawie twojego adresu email (tak zwany hash) mo\u017ce<a class=\"moretag\" href=\"http:\/\/bib.tluszcz.pl\/?page_id=3\"><span class=\"screen-reader-text\">Wi\u0119cej oPolityka prywatno\u015bci<\/span>[&#8230;]<\/a><\/p>\n","protected":false},"author":1,"featured_media":0,"parent":0,"menu_order":0,"comment_status":"closed","ping_status":"open","template":"","meta":[],"_links":{"self":[{"href":"http:\/\/bib.tluszcz.pl\/index.php?rest_route=\/wp\/v2\/pages\/3"}],"collection":[{"href":"http:\/\/bib.tluszcz.pl\/index.php?rest_route=\/wp\/v2\/pages"}],"about":[{"href":"http:\/\/bib.tluszcz.pl\/index.php?rest_route=\/wp\/v2\/types\/page"}],"author":[{"embeddable":true,"href":"http:\/\/bib.tluszcz.pl\/index.php?rest_route=\/wp\/v2\/users\/1"}],"replies":[{"embeddable":true,"href":"http:\/\/bib.tluszcz.pl\/index.php?rest_route=%2Fwp%2Fv2%2Fcomments&post=3"}],"version-history":[{"count":2,"href":"http:\/\/bib.tluszcz.pl\/index.php?rest_route=\/wp\/v2\/pages\/3\/revisions"}],"predecessor-version":[{"id":103,"href":"http:\/\/bib.tluszcz.pl\/index.php?rest_route=\/wp\/v2\/pages\/3\/revisions\/103"}],"wp:attachment":[{"href":"http:\/\/bib.tluszcz.pl\/index.php?rest_route=%2Fwp%2Fv2%2Fmedia&parent=3"}],"curies":[{"name":"wp","href":"https:\/\/api.w.org\/{rel}","templated":true}]}}