{"id":486,"date":"2021-03-30T15:12:31","date_gmt":"2021-03-30T13:12:31","guid":{"rendered":"http:\/\/bib.tluszcz.pl\/?page_id=486"},"modified":"2026-01-27T14:11:27","modified_gmt":"2026-01-27T13:11:27","slug":"486-2","status":"publish","type":"page","link":"http:\/\/bib.tluszcz.pl\/?page_id=486","title":{"rendered":"DEKLARACJA DOST\u0118PNO\u015aCI"},"content":{"rendered":"\n<p><strong>DEKLARACJA DOST\u0118PNO\u015aCI CYFROWEJ \u2013 O\u015aWIADCZENIE<\/strong><\/p>\n\n\n\n<p>WST\u0118P<\/p>\n\n\n\n<p><strong>Biblioteka Publiczna w T\u0142uszczu&nbsp;zobowi\u0105zuje si\u0119 zapewni\u0107 dost\u0119pno\u015b\u0107 swojej strony internetowej zgodnie z ustaw\u0105 z dnia 4 kwietnia 2019 r. o dost\u0119pno\u015bci cyfrowej stron internetowych i aplikacji mobilnych podmiot\u00f3w publicznych. O\u015bwiadczenie w sprawie dost\u0119pno\u015bci ma zastosowanie do&nbsp;<\/strong><a href=\"https:\/\/www.cktluszcz.pl\/\"><strong>strony internetowej Biblioteki Publicznej w T\u0142uszczu<\/strong><\/a><strong>.<\/strong><\/p>\n\n\n\n<p>STATUS POD WZGL\u0118DEM ZGODNO\u015aCI Z USTAW\u0104<\/p>\n\n\n\n<p>Strona internetowa jest&nbsp;cz\u0119\u015bciowo zgodna&nbsp;z ustaw\u0105 o dost\u0119pno\u015bci cyfrowej stron internetowych i aplikacji mobilnych podmiot\u00f3w publicznych z powodu niezgodno\u015bci lub wy\u0142\u0105cze\u0144 wymienionych poni\u017cej:<\/p>\n\n\n\n<ol type=\"1\">\n<li>cz\u0119\u015b\u0107 z opublikowanych zdj\u0119\u0107 nie posiada opisu alternatywnego, maj\u0105 one charakter promocyjny i nie s\u0105 wykorzystywane do realizacji bie\u017c\u0105cych zada\u0144.<\/li>\n\n\n\n<li>cz\u0119\u015b\u0107 plik\u00f3w zosta\u0142a opublikowana przed wej\u015bciem w \u017cycie ustawy o dost\u0119pno\u015bci cyfrowej<\/li>\n\n\n\n<li>redaktor strony dok\u0142ada wszelkich stara\u0144, aby dane zamieszczone na stronie by\u0142y zrozumia\u0142e oraz formatowane w spos\u00f3b zgodny z zasadami dost\u0119pno\u015bci<\/li>\n<\/ol>\n\n\n\n<p>U\u0141ATWIENIA NA STRONIE INTERNETOWEJ<\/p>\n\n\n\n<ul>\n<li>pod\u015bwietlanie link\u00f3w<\/li>\n\n\n\n<li>ustawienie bardziej czytelnej czcionki<\/li>\n\n\n\n<li>skala szaro\u015bci<\/li>\n<\/ul>\n\n\n\n<p>DATA SPORZ\u0104DZENIA DEKLARACJI I METODA OCENY DOST\u0118PNO\u015aCI CYFROWEJ<\/p>\n\n\n\n<p>O\u015bwiadczenie sporz\u0105dzono dnia:&nbsp;02-02-2021.<br>Deklaracj\u0119 sporz\u0105dzono na podstawie samooceny przeprowadzonej przez podmiot publiczny.<\/p>\n\n\n\n<p>INFORMACJE ZWROTNE I DANE KONTAKTOWE<\/p>\n\n\n\n<p>W przypadku problem\u00f3w z dost\u0119pno\u015bci\u0105 strony internetowej prosimy o kontakt.<\/p>\n\n\n\n<p>Osoba do kontaktu w sprawie dost\u0119pno\u015bci:&nbsp;<strong>Agata Szyma\u0144ska<\/strong><br>e-mail:&nbsp;<strong>bibliotekatl@tluszcz.pl<\/strong><br>Telefon:&nbsp;<strong>+48 504-778-388<\/strong><\/p>\n\n\n\n<p>INFORMACJE NA TEMAT PROCEDURY<\/p>\n\n\n\n<p>Ka\u017cdy ma prawo do wyst\u0105pienia z \u017c\u0105daniem zapewnienia dost\u0119pno\u015bci cyfrowej strony internetowej, aplikacji mobilnej lub jakiego\u015b ich elementu. Mo\u017cna tak\u017ce za\u017c\u0105da\u0107 udost\u0119pnienia informacji za pomoc\u0105 alternatywnego sposobu dost\u0119pu, na przyk\u0142ad przez odczytanie niedost\u0119pnego cyfrowo dokumentu, opisanie zawarto\u015bci filmu bez audiodeskrypcji itp. \u017b\u0105danie powinno zawiera\u0107 dane osoby zg\u0142aszaj\u0105cej \u017c\u0105danie, wskazanie, o kt\u00f3r\u0105 stron\u0119 internetow\u0105 chodzi oraz spos\u00f3b kontaktu. Je\u017celi osoba \u017c\u0105daj\u0105ca zg\u0142asza potrzeb\u0119 otrzymania informacji za pomoc\u0105 alternatywnego sposobu dost\u0119pu, powinna tak\u017ce okre\u015bli\u0107 dogodny dla niej spos\u00f3b przedstawienia tej informacji.<br><br>Podmiot publiczny powinien zrealizowa\u0107 \u017c\u0105danie niezw\u0142ocznie, nie p\u00f3\u017aniej ni\u017c w ci\u0105gu 7 dni od dnia wyst\u0105pienia z \u017c\u0105daniem. Je\u017celi dotrzymanie tego terminu nie jest mo\u017cliwe, podmiot publiczny niezw\u0142ocznie informuje o tym wnosz\u0105cego \u017c\u0105danie, kiedy realizacja \u017c\u0105dania b\u0119dzie mo\u017cliwa, przy czym termin ten nie mo\u017ce by\u0107 d\u0142u\u017cszy ni\u017c 2 miesi\u0105ce od dnia wyst\u0105pienia z \u017c\u0105daniem. Je\u017celi zapewnienie dost\u0119pno\u015bci cyfrowej nie jest mo\u017cliwe, podmiot publiczny mo\u017ce zaproponowa\u0107 alternatywny spos\u00f3b dost\u0119pu do informacji. W przypadku, gdy podmiot publiczny odm\u00f3wi realizacji \u017c\u0105dania zapewnienia dost\u0119pno\u015bci lub alternatywnego sposobu dost\u0119pu do informacji, wnosz\u0105cy \u017c\u0105danie mo\u017cne z\u0142o\u017cy\u0107 skarg\u0119 w sprawie zapewniana dost\u0119pno\u015bci cyfrowej strony internetowej, aplikacji mobilnej lub elementu strony internetowej, lub aplikacji mobilnej.<br><br>Po wyczerpaniu wskazanej wy\u017cej procedury mo\u017cna tak\u017ce z\u0142o\u017cy\u0107 wniosek do Rzecznika Praw Obywatelskich.<\/p>\n\n\n\n<p><strong>Strona internetowa Rzecznika Praw Obywatelskich:<br><\/strong><a href=\"https:\/\/www.rpo.gov.pl\/\"><strong>Klikaj\u0105c ten link przejdziesz do strony Rzecznika Praw Obywatelskich<\/strong><\/a><\/p>\n\n\n\n<p>INFORMACJE UZUPE\u0141NIAJ\u0104CE<\/p>\n\n\n\n<p>Data publikacji strony internetowej:&nbsp;28.11.2017.<\/p>\n\n\n\n<p>Data ostatniej aktualizacji dotycz\u0105cej zmiany wygl\u0105du, struktury informacji lub sposobu publikowania:&nbsp;12.11.2020.<\/p>\n\n\n\n<p>Dane teleadresowe podmiotu publicznego:<\/p>\n\n\n\n<p>Biblioteka Publiczna w T\u0142uszczu<br>05-240 T\u0142uszcz, ul. T. Ko\u015bciuszki 7<br>Tel.: +48 (29) 75 73 850<br>E-mail:&nbsp;<a href=\"mailto:bibliotekatl@tlen.pl\">bibliotekatl@tlen.pl<\/a><br>Strona internetowa:&nbsp;<a href=\"https:\/\/gieraltowice.pl\/\" target=\"_blank\" rel=\"noreferrer noopener\">bib.tluszcz.pl<\/a><\/p>\n\n\n\n<p>DOST\u0118PNO\u015a\u0106 ARCHITEKTONICZNA<\/p>\n\n\n\n<p>BIBLIOTEKI PUBLICZNEJ W T\u0141USZCZU UL. T. KO\u015aCIUSZKI 7, 05-240 T\u0141USZCZ<\/p>\n\n\n\n<ul>\n<li>Przed wej\u015bciem do budynku, znajduje si\u0119 podjazd z por\u0119czami dla os\u00f3b\u00a0z niepe\u0142nosprawno\u015bciami.<\/li>\n\n\n\n<li>Do budynku i wszystkich jego pomieszcze\u0144 mo\u017cna wej\u015b\u0107 z psem asystuj\u0105cym i psem przewodnikiem.<\/li>\n\n\n\n<li>Wej\u015bcie g\u0142\u00f3wne do budynku przystosowane jest szeroko\u015bci\u0105 dla os\u00f3b z niepe\u0142nosprawno\u015bciami np. dla os\u00f3b na w\u00f3zkach inwalidzkich.<\/li>\n\n\n\n<li>Biblioteka Publiczna mie\u015bci si\u0119 na pi\u0119trze budynku. W budynku brak windy. Oferujemy kontakt z pracownikami poprzez domofon zainstalowany na parterze budynku w holu. Pracownik biblioteki dostarcza czytelnikowi wybrane woluminy.<\/li>\n<\/ul>\n\n\n\n<p>DOST\u0118PNO\u015a\u0106 ARCHITEKTONICZNA<\/p>\n\n\n\n<p>FILIA BIBLIOTEKI W JARZ\u0118BIEJ \u0141\u0104CE UL. D\u0141UGA 25, 05-240 T\u0141USZCZ<\/p>\n\n\n\n<ul>\n<li>Budynek jest parterowy. Przed wej\u015bciem do budynku, znajduje si\u0119 podjazd z por\u0119czami dla os\u00f3b z niepe\u0142nosprawno\u015bciami.<\/li>\n\n\n\n<li>Do budynku i wszystkich jego pomieszcze\u0144 mo\u017cna wej\u015b\u0107 z psem asystuj\u0105cym i psem przewodnikiem.<\/li>\n\n\n\n<li>Wej\u015bcie g\u0142\u00f3wne do budynku przystosowane jest szeroko\u015bci\u0105 dla os\u00f3b z niepe\u0142nosprawno\u015bciami np. dla os\u00f3b na w\u00f3zkach inwalidzkich.<\/li>\n\n\n\n<li>W pomieszczeniach Biblioteki mo\u017cna porusza\u0107 si\u0119 na w\u00f3zku inwalidzkim, nie ma barier architektonicznych.<\/li>\n\n\n\n<li>W budynku znajduje si\u0119 toaleta przystosowana dla os\u00f3b niepe\u0142nosprawnych.<\/li>\n\n\n\n<li>Stanowisko obs\u0142uguj\u0105ce czytelnika jest dost\u0119pne dla os\u00f3b m.in. na w\u00f3zkach inwalidzkich (obni\u017cona lada do wysoko\u015bci 0,8 m)<\/li>\n<\/ul>\n\n\n\n<p>DOST\u0118PNO\u015a\u0106 ARCHITEKTONICZNA DLA POZOSTA\u0141YCH FILII BIBLIOTEKI PUBLICZNEJ W T\u0141USZCZU<\/p>\n\n\n\n<ul>\n<li>Pozosta\u0142e Filie Biblioteki nie posiadaj\u0105 udogodnie\u0144 dla niepe\u0142nosprawnych. Filie te&nbsp; mieszcz\u0105 si\u0119 w prywatnych budynkach (na podstawie umowy wynajmu). Brak mo\u017cliwo\u015bci prawnych do zmian technicznych.<\/li>\n<\/ul>\n\n\n\n<p><\/p>\n\n\n\n<p><\/p>\n","protected":false},"excerpt":{"rendered":"<p>DEKLARACJA DOST\u0118PNO\u015aCI CYFROWEJ \u2013 O\u015aWIADCZENIE WST\u0118P Biblioteka Publiczna w T\u0142uszczu&nbsp;zobowi\u0105zuje si\u0119 zapewni\u0107 dost\u0119pno\u015b\u0107 swojej strony internetowej zgodnie z ustaw\u0105 z dnia 4 kwietnia 2019 r. o dost\u0119pno\u015bci cyfrowej stron internetowych i aplikacji mobilnych podmiot\u00f3w publicznych. O\u015bwiadczenie w sprawie dost\u0119pno\u015bci ma zastosowanie do&nbsp;strony internetowej Biblioteki Publicznej w T\u0142uszczu. STATUS POD WZGL\u0118DEM ZGODNO\u015aCI Z USTAW\u0104 Strona internetowa<a class=\"moretag\" href=\"http:\/\/bib.tluszcz.pl\/?page_id=486\"><span class=\"screen-reader-text\">Wi\u0119cej oDEKLARACJA DOST\u0118PNO\u015aCI<\/span>[&#8230;]<\/a><\/p>\n","protected":false},"author":2,"featured_media":0,"parent":0,"menu_order":0,"comment_status":"closed","ping_status":"closed","template":"","meta":[],"_links":{"self":[{"href":"http:\/\/bib.tluszcz.pl\/index.php?rest_route=\/wp\/v2\/pages\/486"}],"collection":[{"href":"http:\/\/bib.tluszcz.pl\/index.php?rest_route=\/wp\/v2\/pages"}],"about":[{"href":"http:\/\/bib.tluszcz.pl\/index.php?rest_route=\/wp\/v2\/types\/page"}],"author":[{"embeddable":true,"href":"http:\/\/bib.tluszcz.pl\/index.php?rest_route=\/wp\/v2\/users\/2"}],"replies":[{"embeddable":true,"href":"http:\/\/bib.tluszcz.pl\/index.php?rest_route=%2Fwp%2Fv2%2Fcomments&post=486"}],"version-history":[{"count":4,"href":"http:\/\/bib.tluszcz.pl\/index.php?rest_route=\/wp\/v2\/pages\/486\/revisions"}],"predecessor-version":[{"id":720,"href":"http:\/\/bib.tluszcz.pl\/index.php?rest_route=\/wp\/v2\/pages\/486\/revisions\/720"}],"wp:attachment":[{"href":"http:\/\/bib.tluszcz.pl\/index.php?rest_route=%2Fwp%2Fv2%2Fmedia&parent=486"}],"curies":[{"name":"wp","href":"https:\/\/api.w.org\/{rel}","templated":true}]}}